{"id":47,"date":"2014-08-26T05:19:07","date_gmt":"2014-08-26T05:19:07","guid":{"rendered":"http:\/\/sounmpinc.org\/?page_id=47"},"modified":"2017-07-20T22:48:38","modified_gmt":"2017-07-20T22:48:38","slug":"about","status":"publish","type":"page","link":"https:\/\/sounmpinc.org\/?page_id=47","title":{"rendered":"About Us"},"content":{"rendered":"<h2><a title=\"Mission\" href=\"http:\/\/sounmpinc.org\/?page_id=37\">Missio<\/a><span style=\"color: #339966;\">n<\/span><\/h2>\n<h2><a title=\"Vision\" href=\"http:\/\/sounmpinc.org\/?page_id=39\">Vision<\/a><\/h2>\n<h2><a title=\"Values\" href=\"http:\/\/sounmpinc.org\/?page_id=41\">Values<\/a><\/h2>\n<p>&#8220;The project&#8221; is a people-centric multi-service non-profit organization that works with people to set long-term positive personal and family changes. The project understands what services the people need to reach those outcomes. It will provide those services in a coordinated way and most of all, follow up to make sure that individuals and\/or families achieve their goal.<\/p>\n<p>The strategy to follow is designed in such a way that it &#8220;knits&#8221; the various services together and facilitates positive interaction between each other on behalf of the individuals quality of life.<\/p>\n<p>The approach is to build trust, credibility and confidence with an initiative we call &#8220;One Family\/One Plan.&#8221; It is but an integrated model of services designed to help participating families gain control of their situations by establishing realistic goals and with our help to climb out of the poverty mindset into a life of self sufficiency and stability.<\/p>\n<p>This is a long term process, but we acknowledge how deep the &#8220;crust&#8221; of the imitations and poverty frame of mind in the individuals and families. To make a significant dent on these human circumstances, we have to help them achieve their goals through the outcome of their effort, the collection of data and evaluation of the program.<\/p>\n<p>The commitment of the Project organization is to be an agent of positive change to the quality of life of under-served people. It will show tat initiatives like &#8220;One Family\/One Plan&#8221; can get a person\/family from here to there and do it with less money than it would cost normally, due to the consolidated use of assets.<\/p>\n<p>It is expected that in the course of running the program, trust be built within the community through the ongoing relationships that come from being mixed into the fabric of the community life.<\/p>\n<p>This fact alone would improve the odds of The Project helping peoples with complex problems. By significantly improving the life of the individual, the quality of life in the community improve as a whole. The advantage The Project has when acting as a provider and coordinator of a wide range of services is that it allows the organization to develop deep and comprehensive understanding of the people and the community.<\/p>\n<p>Among the basic goals of The Project are:<\/p>\n<ol>\n<li>\u00a0Hold itself accountable for long-term and complete outcome.<\/li>\n<li>People\/families will receive multiple services (if needed) based on a plan that would be created with the staff.<\/li>\n<li>An extended relationship with with people will be maintained to ensure that they achieve and maintain long-term outcomes.<\/li>\n<li>Develop processes and set them in place to deliver multiple coordinated services.<\/li>\n<li>Gather data from the whole activity to continually improve service delivery.<\/li>\n<\/ol>\n<hr \/>\n<p><strong>Sobre Nosotros<\/strong><\/p>\n<p>El compromiso de la organizaci\u00f3n &#8220;The Project&#8221; es ser el agente de cambio a la calidad de vida de los desfavorecidos. Se demostrara que la iniciativa &#8220;Una Familia\/Un Plan&#8221; puede dar poder a una persona\/familia a moverse adelante y hacerlo con una inversi\u00f3n menor que lo que costar\u00eda normalmente debido a la consolidaci\u00f3n en el uso de los activos.<\/p>\n<p>Es de esperarse que en el transcurso del programa, la confianza aumente dentro de la comunidad por raz\u00f3n de las relaciones que surgen por estar mezclada dentro de la vida comunitaria.<\/p>\n<p>Este hecho solo, puede mejorar las posibilidades de &#8220;The Project&#8221; a ayudar a la gente con problemas complejos, mejorando significativamente sus propias vidas en la comunidad. La gran ventaja, de la organizaci\u00f3n de ser proveedora y coordinadora de una gama de servicios, puede desarrollar un entendimiento profundo y compresivo de la gente as sus alrededores.<\/p>\n<p>Entre las metas claves de &#8220;The Project&#8221; est\u00e1n:<\/p>\n<ol>\n<li>\u00a0 Como organizaci\u00f3n se hace responsable de los resultados a largo plazo.<\/li>\n<li>\u00a0 La gente\/familia recibir\u00e1n m\u00faltiples servicios (si lo necesitan) basado en un plan que sera creado con el grupo administrativo.<\/li>\n<li>\u00a0 Una relaci\u00f3n a largo plazo sera mantenida para asegurar que las familias alcancen y mantengan sus \u00a0resultados.<\/li>\n<li>\u00a0 Desarrollar procesos y establecerlos para llevar acabo servicio m\u00faltiples de una manera coordenada.<\/li>\n<li>\u00a0 Recolectar informaci\u00f3n de toda la actividad para \u00a0que continuamente mejorar la entrega de servicios.<\/li>\n<\/ol>\n<p>&nbsp;<\/p>\n","protected":false},"excerpt":{"rendered":"<p>Mission Vision Values &#8220;The project&#8221; is a people-centric multi-service non-profit organization that works with people to set long-term positive personal and family changes. The project understands what services the people need to reach those outcomes. It will provide those services in a coordinated way and most of all, follow up to make sure that individuals &hellip; <a href=\"https:\/\/sounmpinc.org\/?page_id=47\" class=\"more-link\">Continue reading <span class=\"screen-reader-text\">About Us<\/span> <span class=\"meta-nav\">&rarr;<\/span><\/a><\/p>\n","protected":false},"author":1,"featured_media":190,"parent":0,"menu_order":1,"comment_status":"closed","ping_status":"closed","template":"page-templates\/full-width.php","meta":{"_monsterinsights_skip_tracking":false,"_monsterinsights_sitenote_active":false,"_monsterinsights_sitenote_note":"","_monsterinsights_sitenote_category":0},"yoast_head":"<!-- This site is optimized with the Yoast SEO plugin v17.8 - https:\/\/yoast.com\/wordpress\/plugins\/seo\/ -->\n<meta name=\"robots\" content=\"index, follow, max-snippet:-1, max-image-preview:large, max-video-preview:-1\" \/>\n<link rel=\"canonical\" href=\"http:\/\/sounmpinc.org\/?page_id=47\" \/>\n<meta property=\"og:locale\" content=\"en_US\" \/>\n<meta property=\"og:type\" content=\"article\" \/>\n<meta property=\"og:title\" content=\"About Us - Southern New Mexico Project, Inc.\" \/>\n<meta property=\"og:description\" content=\"Mission Vision Values &#8220;The project&#8221; is a people-centric multi-service non-profit organization that works with people to set long-term positive personal and family changes. The project understands what services the people need to reach those outcomes. It will provide those services in a coordinated way and most of all, follow up to make sure that individuals &hellip; Continue reading About Us &rarr;\" \/>\n<meta property=\"og:url\" content=\"http:\/\/sounmpinc.org\/?page_id=47\" \/>\n<meta property=\"og:site_name\" content=\"Southern New Mexico Project, Inc.\" \/>\n<meta property=\"article:modified_time\" content=\"2017-07-20T22:48:38+00:00\" \/>\n<meta property=\"og:image\" content=\"http:\/\/sounmpinc.org\/wp-content\/uploads\/2017\/05\/Logos-from-organizations-e1496891948377.jpg\" \/>\n\t<meta property=\"og:image:width\" content=\"266\" \/>\n\t<meta property=\"og:image:height\" content=\"155\" \/>\n<meta name=\"twitter:card\" content=\"summary_large_image\" \/>\n<meta name=\"twitter:label1\" content=\"Est. reading time\" \/>\n\t<meta name=\"twitter:data1\" content=\"3 minutes\" \/>\n<script type=\"application\/ld+json\" class=\"yoast-schema-graph\">{\"@context\":\"https:\/\/schema.org\",\"@graph\":[{\"@type\":\"WebSite\",\"@id\":\"http:\/\/sounmpinc.org\/#website\",\"url\":\"http:\/\/sounmpinc.org\/\",\"name\":\"Southern New Mexico Project, Inc.\",\"description\":\"Providing hope, help, and opportunity to those who need it most.\",\"potentialAction\":[{\"@type\":\"SearchAction\",\"target\":{\"@type\":\"EntryPoint\",\"urlTemplate\":\"http:\/\/sounmpinc.org\/?s={search_term_string}\"},\"query-input\":\"required name=search_term_string\"}],\"inLanguage\":\"en-US\"},{\"@type\":\"ImageObject\",\"@id\":\"http:\/\/sounmpinc.org\/?page_id=47#primaryimage\",\"inLanguage\":\"en-US\",\"url\":\"https:\/\/sounmpinc.org\/wp-content\/uploads\/2017\/05\/Logos-from-organizations-e1496891948377.jpg\",\"contentUrl\":\"https:\/\/sounmpinc.org\/wp-content\/uploads\/2017\/05\/Logos-from-organizations-e1496891948377.jpg\",\"width\":266,\"height\":155},{\"@type\":\"WebPage\",\"@id\":\"http:\/\/sounmpinc.org\/?page_id=47#webpage\",\"url\":\"http:\/\/sounmpinc.org\/?page_id=47\",\"name\":\"About Us - Southern New Mexico Project, Inc.\",\"isPartOf\":{\"@id\":\"http:\/\/sounmpinc.org\/#website\"},\"primaryImageOfPage\":{\"@id\":\"http:\/\/sounmpinc.org\/?page_id=47#primaryimage\"},\"datePublished\":\"2014-08-26T05:19:07+00:00\",\"dateModified\":\"2017-07-20T22:48:38+00:00\",\"breadcrumb\":{\"@id\":\"http:\/\/sounmpinc.org\/?page_id=47#breadcrumb\"},\"inLanguage\":\"en-US\",\"potentialAction\":[{\"@type\":\"ReadAction\",\"target\":[\"http:\/\/sounmpinc.org\/?page_id=47\"]}]},{\"@type\":\"BreadcrumbList\",\"@id\":\"http:\/\/sounmpinc.org\/?page_id=47#breadcrumb\",\"itemListElement\":[{\"@type\":\"ListItem\",\"position\":1,\"name\":\"Home\",\"item\":\"http:\/\/sounmpinc.org\/\"},{\"@type\":\"ListItem\",\"position\":2,\"name\":\"About Us\"}]}]}<\/script>\n<!-- \/ Yoast SEO plugin. -->","yoast_head_json":{"robots":{"index":"index","follow":"follow","max-snippet":"max-snippet:-1","max-image-preview":"max-image-preview:large","max-video-preview":"max-video-preview:-1"},"canonical":"http:\/\/sounmpinc.org\/?page_id=47","og_locale":"en_US","og_type":"article","og_title":"About Us - Southern New Mexico Project, Inc.","og_description":"Mission Vision Values &#8220;The project&#8221; is a people-centric multi-service non-profit organization that works with people to set long-term positive personal and family changes. The project understands what services the people need to reach those outcomes. It will provide those services in a coordinated way and most of all, follow up to make sure that individuals &hellip; Continue reading About Us &rarr;","og_url":"http:\/\/sounmpinc.org\/?page_id=47","og_site_name":"Southern New Mexico Project, Inc.","article_modified_time":"2017-07-20T22:48:38+00:00","og_image":[{"width":266,"height":155,"url":"http:\/\/sounmpinc.org\/wp-content\/uploads\/2017\/05\/Logos-from-organizations-e1496891948377.jpg","type":"image\/jpeg"}],"twitter_card":"summary_large_image","twitter_misc":{"Est. reading time":"3 minutes"},"schema":{"@context":"https:\/\/schema.org","@graph":[{"@type":"WebSite","@id":"http:\/\/sounmpinc.org\/#website","url":"http:\/\/sounmpinc.org\/","name":"Southern New Mexico Project, Inc.","description":"Providing hope, help, and opportunity to those who need it most.","potentialAction":[{"@type":"SearchAction","target":{"@type":"EntryPoint","urlTemplate":"http:\/\/sounmpinc.org\/?s={search_term_string}"},"query-input":"required name=search_term_string"}],"inLanguage":"en-US"},{"@type":"ImageObject","@id":"http:\/\/sounmpinc.org\/?page_id=47#primaryimage","inLanguage":"en-US","url":"https:\/\/sounmpinc.org\/wp-content\/uploads\/2017\/05\/Logos-from-organizations-e1496891948377.jpg","contentUrl":"https:\/\/sounmpinc.org\/wp-content\/uploads\/2017\/05\/Logos-from-organizations-e1496891948377.jpg","width":266,"height":155},{"@type":"WebPage","@id":"http:\/\/sounmpinc.org\/?page_id=47#webpage","url":"http:\/\/sounmpinc.org\/?page_id=47","name":"About Us - Southern New Mexico Project, Inc.","isPartOf":{"@id":"http:\/\/sounmpinc.org\/#website"},"primaryImageOfPage":{"@id":"http:\/\/sounmpinc.org\/?page_id=47#primaryimage"},"datePublished":"2014-08-26T05:19:07+00:00","dateModified":"2017-07-20T22:48:38+00:00","breadcrumb":{"@id":"http:\/\/sounmpinc.org\/?page_id=47#breadcrumb"},"inLanguage":"en-US","potentialAction":[{"@type":"ReadAction","target":["http:\/\/sounmpinc.org\/?page_id=47"]}]},{"@type":"BreadcrumbList","@id":"http:\/\/sounmpinc.org\/?page_id=47#breadcrumb","itemListElement":[{"@type":"ListItem","position":1,"name":"Home","item":"http:\/\/sounmpinc.org\/"},{"@type":"ListItem","position":2,"name":"About Us"}]}]}},"_links":{"self":[{"href":"https:\/\/sounmpinc.org\/index.php?rest_route=\/wp\/v2\/pages\/47"}],"collection":[{"href":"https:\/\/sounmpinc.org\/index.php?rest_route=\/wp\/v2\/pages"}],"about":[{"href":"https:\/\/sounmpinc.org\/index.php?rest_route=\/wp\/v2\/types\/page"}],"author":[{"embeddable":true,"href":"https:\/\/sounmpinc.org\/index.php?rest_route=\/wp\/v2\/users\/1"}],"replies":[{"embeddable":true,"href":"https:\/\/sounmpinc.org\/index.php?rest_route=%2Fwp%2Fv2%2Fcomments&post=47"}],"version-history":[{"count":8,"href":"https:\/\/sounmpinc.org\/index.php?rest_route=\/wp\/v2\/pages\/47\/revisions"}],"predecessor-version":[{"id":329,"href":"https:\/\/sounmpinc.org\/index.php?rest_route=\/wp\/v2\/pages\/47\/revisions\/329"}],"wp:featuredmedia":[{"embeddable":true,"href":"https:\/\/sounmpinc.org\/index.php?rest_route=\/wp\/v2\/media\/190"}],"wp:attachment":[{"href":"https:\/\/sounmpinc.org\/index.php?rest_route=%2Fwp%2Fv2%2Fmedia&parent=47"}],"curies":[{"name":"wp","href":"https:\/\/api.w.org\/{rel}","templated":true}]}}