{"id":37,"date":"2014-08-26T04:54:42","date_gmt":"2014-08-26T04:54:42","guid":{"rendered":"http:\/\/sounmpinc.org\/?page_id=37"},"modified":"2017-06-08T18:01:52","modified_gmt":"2017-06-08T18:01:52","slug":"mission","status":"publish","type":"page","link":"http:\/\/sounmpinc.org\/?page_id=37","title":{"rendered":"Mission"},"content":{"rendered":"<p>The Southern New Mexico Project, Inc. is a people centric multi service non-profit organization committed to be an agent of change of the quality of life of the under-served in the Do\u00f1a Ana County.<\/p>\n<p><strong>MISION<\/strong><\/p>\n<p>The Southern New Mexico Project, Inc. es una organizaci\u00f3n centrada en la gente de servicios m\u00faltiples sin fines de lucro, comprometida a ser agente de cambio en la calidad de vida de los desfavorecidos del condado de Do\u00f1a Ana.<\/p>\n","protected":false},"excerpt":{"rendered":"<p>The Southern New Mexico Project, Inc. is a people centric multi service non-profit organization committed to be an agent of change of the quality of life of the under-served in the Do\u00f1a Ana County. MISION The Southern New Mexico Project, Inc. es una organizaci\u00f3n centrada en la gente de servicios m\u00faltiples sin fines de lucro, &hellip; <a href=\"http:\/\/sounmpinc.org\/?page_id=37\" class=\"more-link\">Continue reading <span class=\"screen-reader-text\">Mission<\/span> <span class=\"meta-nav\">&rarr;<\/span><\/a><\/p>\n","protected":false},"author":1,"featured_media":0,"parent":47,"menu_order":1,"comment_status":"closed","ping_status":"closed","template":"","meta":{"_monsterinsights_skip_tracking":false,"_monsterinsights_sitenote_active":false,"_monsterinsights_sitenote_note":"","_monsterinsights_sitenote_category":0},"yoast_head":"<!-- This site is optimized with the Yoast SEO plugin v17.8 - https:\/\/yoast.com\/wordpress\/plugins\/seo\/ -->\n<meta name=\"robots\" content=\"index, follow, max-snippet:-1, max-image-preview:large, max-video-preview:-1\" \/>\n<link rel=\"canonical\" href=\"http:\/\/sounmpinc.org\/?page_id=37\" \/>\n<meta property=\"og:locale\" content=\"en_US\" \/>\n<meta property=\"og:type\" content=\"article\" \/>\n<meta property=\"og:title\" content=\"Mission - Southern New Mexico Project, Inc.\" \/>\n<meta property=\"og:description\" content=\"The Southern New Mexico Project, Inc. is a people centric multi service non-profit organization committed to be an agent of change of the quality of life of the under-served in the Do\u00f1a Ana County. MISION The Southern New Mexico Project, Inc. es una organizaci\u00f3n centrada en la gente de servicios m\u00faltiples sin fines de lucro, &hellip; Continue reading Mission &rarr;\" \/>\n<meta property=\"og:url\" content=\"http:\/\/sounmpinc.org\/?page_id=37\" \/>\n<meta property=\"og:site_name\" content=\"Southern New Mexico Project, Inc.\" \/>\n<meta property=\"article:modified_time\" content=\"2017-06-08T18:01:52+00:00\" \/>\n<meta name=\"twitter:card\" content=\"summary_large_image\" \/>\n<script type=\"application\/ld+json\" class=\"yoast-schema-graph\">{\"@context\":\"https:\/\/schema.org\",\"@graph\":[{\"@type\":\"WebSite\",\"@id\":\"http:\/\/sounmpinc.org\/#website\",\"url\":\"http:\/\/sounmpinc.org\/\",\"name\":\"Southern New Mexico Project, Inc.\",\"description\":\"Providing hope, help, and opportunity to those who need it most.\",\"potentialAction\":[{\"@type\":\"SearchAction\",\"target\":{\"@type\":\"EntryPoint\",\"urlTemplate\":\"http:\/\/sounmpinc.org\/?s={search_term_string}\"},\"query-input\":\"required name=search_term_string\"}],\"inLanguage\":\"en-US\"},{\"@type\":\"WebPage\",\"@id\":\"http:\/\/sounmpinc.org\/?page_id=37#webpage\",\"url\":\"http:\/\/sounmpinc.org\/?page_id=37\",\"name\":\"Mission - Southern New Mexico Project, Inc.\",\"isPartOf\":{\"@id\":\"http:\/\/sounmpinc.org\/#website\"},\"datePublished\":\"2014-08-26T04:54:42+00:00\",\"dateModified\":\"2017-06-08T18:01:52+00:00\",\"breadcrumb\":{\"@id\":\"http:\/\/sounmpinc.org\/?page_id=37#breadcrumb\"},\"inLanguage\":\"en-US\",\"potentialAction\":[{\"@type\":\"ReadAction\",\"target\":[\"http:\/\/sounmpinc.org\/?page_id=37\"]}]},{\"@type\":\"BreadcrumbList\",\"@id\":\"http:\/\/sounmpinc.org\/?page_id=37#breadcrumb\",\"itemListElement\":[{\"@type\":\"ListItem\",\"position\":1,\"name\":\"Home\",\"item\":\"http:\/\/sounmpinc.org\/\"},{\"@type\":\"ListItem\",\"position\":2,\"name\":\"About Us\",\"item\":\"http:\/\/sounmpinc.org\/?page_id=47\"},{\"@type\":\"ListItem\",\"position\":3,\"name\":\"Mission\"}]}]}<\/script>\n<!-- \/ Yoast SEO plugin. -->","yoast_head_json":{"robots":{"index":"index","follow":"follow","max-snippet":"max-snippet:-1","max-image-preview":"max-image-preview:large","max-video-preview":"max-video-preview:-1"},"canonical":"http:\/\/sounmpinc.org\/?page_id=37","og_locale":"en_US","og_type":"article","og_title":"Mission - Southern New Mexico Project, Inc.","og_description":"The Southern New Mexico Project, Inc. is a people centric multi service non-profit organization committed to be an agent of change of the quality of life of the under-served in the Do\u00f1a Ana County. MISION The Southern New Mexico Project, Inc. es una organizaci\u00f3n centrada en la gente de servicios m\u00faltiples sin fines de lucro, &hellip; Continue reading Mission &rarr;","og_url":"http:\/\/sounmpinc.org\/?page_id=37","og_site_name":"Southern New Mexico Project, Inc.","article_modified_time":"2017-06-08T18:01:52+00:00","twitter_card":"summary_large_image","schema":{"@context":"https:\/\/schema.org","@graph":[{"@type":"WebSite","@id":"http:\/\/sounmpinc.org\/#website","url":"http:\/\/sounmpinc.org\/","name":"Southern New Mexico Project, Inc.","description":"Providing hope, help, and opportunity to those who need it most.","potentialAction":[{"@type":"SearchAction","target":{"@type":"EntryPoint","urlTemplate":"http:\/\/sounmpinc.org\/?s={search_term_string}"},"query-input":"required name=search_term_string"}],"inLanguage":"en-US"},{"@type":"WebPage","@id":"http:\/\/sounmpinc.org\/?page_id=37#webpage","url":"http:\/\/sounmpinc.org\/?page_id=37","name":"Mission - Southern New Mexico Project, Inc.","isPartOf":{"@id":"http:\/\/sounmpinc.org\/#website"},"datePublished":"2014-08-26T04:54:42+00:00","dateModified":"2017-06-08T18:01:52+00:00","breadcrumb":{"@id":"http:\/\/sounmpinc.org\/?page_id=37#breadcrumb"},"inLanguage":"en-US","potentialAction":[{"@type":"ReadAction","target":["http:\/\/sounmpinc.org\/?page_id=37"]}]},{"@type":"BreadcrumbList","@id":"http:\/\/sounmpinc.org\/?page_id=37#breadcrumb","itemListElement":[{"@type":"ListItem","position":1,"name":"Home","item":"http:\/\/sounmpinc.org\/"},{"@type":"ListItem","position":2,"name":"About Us","item":"http:\/\/sounmpinc.org\/?page_id=47"},{"@type":"ListItem","position":3,"name":"Mission"}]}]}},"_links":{"self":[{"href":"http:\/\/sounmpinc.org\/index.php?rest_route=\/wp\/v2\/pages\/37"}],"collection":[{"href":"http:\/\/sounmpinc.org\/index.php?rest_route=\/wp\/v2\/pages"}],"about":[{"href":"http:\/\/sounmpinc.org\/index.php?rest_route=\/wp\/v2\/types\/page"}],"author":[{"embeddable":true,"href":"http:\/\/sounmpinc.org\/index.php?rest_route=\/wp\/v2\/users\/1"}],"replies":[{"embeddable":true,"href":"http:\/\/sounmpinc.org\/index.php?rest_route=%2Fwp%2Fv2%2Fcomments&post=37"}],"version-history":[{"count":2,"href":"http:\/\/sounmpinc.org\/index.php?rest_route=\/wp\/v2\/pages\/37\/revisions"}],"predecessor-version":[{"id":50,"href":"http:\/\/sounmpinc.org\/index.php?rest_route=\/wp\/v2\/pages\/37\/revisions\/50"}],"up":[{"embeddable":true,"href":"http:\/\/sounmpinc.org\/index.php?rest_route=\/wp\/v2\/pages\/47"}],"wp:attachment":[{"href":"http:\/\/sounmpinc.org\/index.php?rest_route=%2Fwp%2Fv2%2Fmedia&parent=37"}],"curies":[{"name":"wp","href":"https:\/\/api.w.org\/{rel}","templated":true}]}}